{"id":1206,"date":"2021-11-05T14:45:07","date_gmt":"2021-11-05T13:45:07","guid":{"rendered":"https:\/\/www.architettura21.com\/impressum\/"},"modified":"2023-07-31T14:03:25","modified_gmt":"2023-07-31T13:03:25","slug":"impressum","status":"publish","type":"page","link":"https:\/\/www.architettura21.com\/it\/impressum\/","title":{"rendered":"Impressum"},"content":{"rendered":"\n\n\t<p><b>Impressum<\/b><\/p>\narchitettura21 ZT GmbH<br \/>\nGF Dott. Arch. Serenella Zoppolat\n1010 Wien<br \/>\nRudolfsplatz 12\/4A<br \/>\nTel.: 0043 664 1548181<br \/>\nMail: office@architettura21.com<br \/>\nWebsite: www.architettura21.com\n<p>FN: 475619 s &#8211; Handelsgericht Wien &#8211; UID: ATU72495748<\/p>\nBeh\u00f6rde gem. ECG:<br \/>\nBezirksamt des 8. Bezirkes\n<p>Mitglied der Wirtschaftskammer Wien<\/p>\nRedaktion:<br \/>\nSerenella Zoppolat<br \/>\nTobias Kreuzer<br \/>\n0043 664 154 8181<br \/>\noffice@architettura21.com\nBilder:<br \/>\nAnnalisa Mansutti\n<p>architettura21 ZT GmbH distanziert sich ausdr\u00fccklich von allen Inhalten der verlinkten Webseiten auf dieser Webseite und macht sich deren Inhalt nicht zu Eigen.<\/p>\n<p>Inhaber der Website ist architettura21 ZT GmbH.<\/p>\n<p>Die Website dient der Information \u00fcber architettura21 ZT GmbH. Alle Inhalte dienen der pers\u00f6nlichen Information. Eine Weiterverwendung und Reproduktion \u00fcber den pers\u00f6nlichen Gebrauch hinaus ist nicht gestattet.<\/p>\nBilder d\u00fcrfen nicht ohne vorherige ausdr\u00fcckliche schriftliche Genehmigung ver\u00f6ffentlicht oder weiterverbreitet werden, sei dies zu gewerblichen oder anderen Zwecken.<br \/>\nDiese Website wurde mit dem gr\u00f6\u00dften m\u00f6glichen Ma\u00df an Sorgfalt zusammengestellt. architettura21 ZT GmbH kann trotzdem nicht f\u00fcr die Fehlerfreiheit und Genauigkeit der enthaltenen Informationen garantieren und schlie\u00dft jegliche Haftung f\u00fcr Sch\u00e4den, die direkt oder indirekt aus der Benutzung dieser Website entstehen, aus.\n\n","protected":false},"excerpt":{"rendered":"<p>Impressum architettura21 ZT GmbH GF Dott. Arch. Serenella Zoppolat 1010 Wien Rudolfsplatz 12\/4A Tel.: 0043 664 1548181 Mail: office@architettura21.com Website: www.architettura21.com FN: 475619 s &#8211; Handelsgericht Wien &#8211; UID: ATU72495748 Beh\u00f6rde gem. ECG: Bezirksamt des 8. Bezirkes Mitglied der Wirtschaftskammer Wien Redaktion: Serenella Zoppolat Tobias Kreuzer 0043 664 154 8181 office@architettura21.com Bilder: Annalisa Mansutti architettura21&hellip;<\/p>\n","protected":false},"author":1,"featured_media":0,"parent":0,"menu_order":0,"comment_status":"closed","ping_status":"closed","template":"","meta":[],"acf":[],"_links":{"self":[{"href":"https:\/\/www.architettura21.com\/it\/wp-json\/wp\/v2\/pages\/1206"}],"collection":[{"href":"https:\/\/www.architettura21.com\/it\/wp-json\/wp\/v2\/pages"}],"about":[{"href":"https:\/\/www.architettura21.com\/it\/wp-json\/wp\/v2\/types\/page"}],"author":[{"embeddable":true,"href":"https:\/\/www.architettura21.com\/it\/wp-json\/wp\/v2\/users\/1"}],"replies":[{"embeddable":true,"href":"https:\/\/www.architettura21.com\/it\/wp-json\/wp\/v2\/comments?post=1206"}],"version-history":[{"count":2,"href":"https:\/\/www.architettura21.com\/it\/wp-json\/wp\/v2\/pages\/1206\/revisions"}],"predecessor-version":[{"id":1385,"href":"https:\/\/www.architettura21.com\/it\/wp-json\/wp\/v2\/pages\/1206\/revisions\/1385"}],"wp:attachment":[{"href":"https:\/\/www.architettura21.com\/it\/wp-json\/wp\/v2\/media?parent=1206"}],"curies":[{"name":"wp","href":"https:\/\/api.w.org\/{rel}","templated":true}]}}